{"id":344,"date":"2024-01-08T16:10:49","date_gmt":"2024-01-08T13:10:49","guid":{"rendered":"https:\/\/swiss-banking.com\/?page_id=344"},"modified":"2025-06-25T16:03:36","modified_gmt":"2025-06-25T13:03:36","slug":"privacy-policy-2","status":"publish","type":"page","link":"https:\/\/swiss-banking.com\/de\/privacy-policy-2\/","title":{"rendered":"Privacy Policy"},"content":{"rendered":"<p>{:de}<\/p>\n<h2>Datenschutzerkl\u00e4rung f\u00fcr Swiss-Banking.com<\/h2>\n<h3>Einleitung<\/h3>\n<p>Willkommen bei Swiss Banking. Wir legen gro\u00dfen Wert auf den Schutz und die Wahrung Ihrer Privatsph\u00e4re. Diese Datenschutzerkl\u00e4rung beschreibt unsere Vorgehensweise bei der Erhebung, Nutzung und Offenlegung personenbezogener Daten, die von Besuchern unserer Website erfasst werden.<\/p>\n<h3>Erhebung und Nutzung von Informationen<\/h3>\n<p>Bei der Nutzung unserer Website kann es vorkommen, dass wir personenbezogene Daten von Ihnen anfordern, die dazu verwendet werden k\u00f6nnen, Sie zu kontaktieren oder zu identifizieren. Hierzu k\u00f6nnen unter anderem Ihr Name, Ihre E-Mail-Adresse, Ihre Postanschrift und Ihre Telefonnummer geh\u00f6ren.<\/p>\n<p>Wie viele andere Website-Betreiber erfassen wir Informationen, die Ihr Browser bei jedem Besuch unserer Website automatisch sendet. Diese Protokolldaten (Log Data) k\u00f6nnen die IP-Adresse Ihres Computers, den Browsertyp und die Browserversion, die von Ihnen besuchten Seiten unserer Website, Datum und Uhrzeit Ihres Besuchs, die auf den Seiten verbrachte Zeit und weitere Informationen enthalten.<\/p>\n<h3>Cookies<\/h3>\n<p>Cookies sind kleine Datendateien, die eine anonyme eindeutige Kennung enthalten k\u00f6nnen. Es handelt sich um kleine Textdateien, die von einer Website an Ihren Browser gesendet und auf der Festplatte Ihres Computers gespeichert werden. Wie viele andere Websites verwenden wir Cookies, um Informationen zu sammeln. Sie k\u00f6nnen Ihren Browser so einstellen, dass alle Cookies abgelehnt werden oder angezeigt wird, wenn ein Cookie gesendet wird. Bitte beachten Sie jedoch, dass Sie bei Deaktivierung von Cookies m\u00f6glicherweise bestimmte Teile unserer Website nicht nutzen k\u00f6nnen.<\/p>\n<h3>Sicherheit<\/h3>\n<p>Der Schutz Ihrer personenbezogenen Daten ist uns wichtig. Dennoch sollten Sie sich bewusst sein, dass keine \u00dcbertragungsmethode \u00fcber das Internet oder Methode der elektronischen Speicherung absolut sicher ist. Wir bem\u00fchen uns, wirtschaftlich vertretbare Ma\u00dfnahmen zum Schutz Ihrer personenbezogenen Daten zu ergreifen, k\u00f6nnen jedoch deren absolute Sicherheit nicht garantieren.<\/p>\n<h3>\u00c4nderungen dieser Datenschutzerkl\u00e4rung<\/h3>\n<p>Diese Datenschutzerkl\u00e4rung ist ab dem Zeitpunkt der Ver\u00f6ffentlichung g\u00fcltig und bleibt in Kraft, es sei denn, es werden in Zukunft \u00c4nderungen an ihren Bestimmungen vorgenommen, die unmittelbar nach ihrer Ver\u00f6ffentlichung auf dieser Seite wirksam werden. Wir behalten uns das Recht vor, unsere Datenschutzerkl\u00e4rung jederzeit zu \u00e4ndern oder zu aktualisieren. Es wird empfohlen, diese Seite regelm\u00e4\u00dfig zu \u00fcberpr\u00fcfen. Ihre fortgesetzte Nutzung des Dienstes nach Ver\u00f6ffentlichung von \u00c4nderungen stellt Ihr Einverst\u00e4ndnis mit den \u00c4nderungen und Ihre Zustimmung dar, an die ge\u00e4nderte Datenschutzerkl\u00e4rung gebunden zu sein.<\/p>\n<h3>Kontakt<\/h3>\n<p>Wenn Sie Fragen zu dieser Datenschutzerkl\u00e4rung haben, kontaktieren Sie uns bitte telefonisch unter <a href=\"tel:+41445862465\">+41 445 862 465<\/a> oder per E-Mail an <a href=\"mailto:joseph.hag@swiss-banking.com\">joseph.hag@swiss-banking.com<\/a>.<\/p>\n","protected":false},"excerpt":{"rendered":"<p>{:de} Datenschutzerkl\u00e4rung f\u00fcr Swiss-Banking.com Einleitung Willkommen bei Swiss Banking. Wir legen gro\u00dfen Wert auf den Schutz und die Wahrung Ihrer Privatsph\u00e4re. Diese Datenschutzerkl\u00e4rung beschreibt unsere Vorgehensweise bei der Erhebung, Nutzung und Offenlegung personenbezogener Daten, die von Besuchern unserer Website erfasst werden. Erhebung und Nutzung von Informationen Bei der Nutzung unserer Website kann es vorkommen, dass [&hellip;]<\/p>\n","protected":false},"author":1,"featured_media":0,"parent":0,"menu_order":0,"comment_status":"closed","ping_status":"closed","template":"","meta":{"inline_featured_image":false,"footnotes":""},"class_list":["post-344","page","type-page","status-publish","hentry"],"translation":{"provider":"WPGlobus","version":"3.0.2","language":"de","enabled_languages":["en","de"],"languages":{"en":{"title":true,"content":true,"excerpt":false},"de":{"title":false,"content":true,"excerpt":false}}},"acf":[],"_links":{"self":[{"href":"https:\/\/swiss-banking.com\/de\/wp-json\/wp\/v2\/pages\/344","targetHints":{"allow":["GET"]}}],"collection":[{"href":"https:\/\/swiss-banking.com\/de\/wp-json\/wp\/v2\/pages"}],"about":[{"href":"https:\/\/swiss-banking.com\/de\/wp-json\/wp\/v2\/types\/page"}],"author":[{"embeddable":true,"href":"https:\/\/swiss-banking.com\/de\/wp-json\/wp\/v2\/users\/1"}],"replies":[{"embeddable":true,"href":"https:\/\/swiss-banking.com\/de\/wp-json\/wp\/v2\/comments?post=344"}],"version-history":[{"count":5,"href":"https:\/\/swiss-banking.com\/de\/wp-json\/wp\/v2\/pages\/344\/revisions"}],"predecessor-version":[{"id":1087,"href":"https:\/\/swiss-banking.com\/de\/wp-json\/wp\/v2\/pages\/344\/revisions\/1087"}],"wp:attachment":[{"href":"https:\/\/swiss-banking.com\/de\/wp-json\/wp\/v2\/media?parent=344"}],"curies":[{"name":"wp","href":"https:\/\/api.w.org\/{rel}","templated":true}]}}