{"id":520,"date":"2024-01-09T15:59:27","date_gmt":"2024-01-09T12:59:27","guid":{"rendered":"https:\/\/swiss-banking.com\/?page_id=520"},"modified":"2025-12-09T12:16:18","modified_gmt":"2025-12-09T09:16:18","slug":"about-us","status":"publish","type":"page","link":"https:\/\/swiss-banking.com\/de\/about-us\/","title":{"rendered":"\u00dcber uns"},"content":{"rendered":"<p>{:de}<\/p>\n<h2><strong>Mit vertrauensw\u00fcrdigen Informationen durch die globale Finanzwelt navigieren<\/strong><\/h2>\n<p>In der heutigen vernetzten Welt ist der Zugang zu genauen und zuverl\u00e4ssigen Informationen \u00fcber internationales Bankwesen unerl\u00e4sslich. Wir bieten unabh\u00e4ngige Einblicke, die Unternehmen und Privatpersonen helfen, Bankoptionen \u00fcber L\u00e4ndergrenzen hinweg besser zu verstehen.<\/p>\n<h2>Globale Perspektive, fundierte Einblicke<\/h2>\n<p>Wir stellen Informationen zu einer Vielzahl internationaler Bankthemen bereit \u2013 von Devisengesch\u00e4ften und Handelsfinanzierung bis hin zu grenz\u00fcberschreitenden Bankpraktiken \u2013 und helfen Nutzern, sich in einer komplexen Finanzwelt zurechtzufinden.<\/p>\n<h2>Banktechnologien verstehen<\/h2>\n<p>Wir teilen Einblicke in Innovationen und Trends im Bereich Banktechnologie \u2013 von digitalen Plattformen bis hin zu neuen Tools \u2013 und unterst\u00fctzen Nutzer dabei, \u00fcber Entwicklungen im globalen Finanzwesen auf dem Laufenden zu bleiben.<\/p>\n<h2>Bewusstsein f\u00fcr Compliance und Sicherheit<\/h2>\n<p>Wir informieren \u00fcber Compliance- und Sicherheitsaspekte im internationalen Bankwesen und schaffen Bewusstsein f\u00fcr wichtige regulatorische Anforderungen und bew\u00e4hrte Verfahren.<\/p>\n<h2>Informationen f\u00fcr die globale Wirtschaft<\/h2>\n<p>Unser Ziel ist es, das Verst\u00e4ndnis f\u00fcr Bankprodukte, M\u00e4rkte und Trends zu f\u00f6rdern und den Nutzern zu helfen, sich mit mehr Klarheit in der globalen Finanzlandschaft zu bewegen.<\/p>\n<h2>Warum unsere Plattform nutzen?<\/h2>\n<p>Hier sind einige Gr\u00fcnde, warum sich Privatpersonen und Unternehmen bei Bankinformationen an uns wenden:<\/p>\n<ol>\n<li><strong>Zuverl\u00e4ssige und klare Informationen<\/strong>: Wir bieten klare und aktuelle Informationen zu internationalen Bankthemen.<\/li>\n<li><strong>Breite Perspektive<\/strong>: Durch die Abdeckung verschiedener Aspekte des globalen Finanzwesens helfen wir Nutzern, ein umfassendes Verst\u00e4ndnis des internationalen Bankwesens zu erlangen.<\/li>\n<li><strong>Vertrauen und Unabh\u00e4ngigkeit<\/strong>: Als unabh\u00e4ngige Quelle legen wir gro\u00dfen Wert auf Genauigkeit und Objektivit\u00e4t in allen bereitgestellten Informationen.<\/li>\n<\/ol>\n<p>Zusammengefasst: Swiss-Banking dient als vertrauensw\u00fcrdige Informationsquelle f\u00fcr internationales Bankwesen \u2013 und hilft Nutzern, besser informierte Entscheidungen in der globalen Finanzwelt zu treffen.<\/p>\n","protected":false},"excerpt":{"rendered":"<p>{:de} Mit vertrauensw\u00fcrdigen Informationen durch die globale Finanzwelt navigieren In der heutigen vernetzten Welt ist der Zugang zu genauen und zuverl\u00e4ssigen Informationen \u00fcber internationales Bankwesen unerl\u00e4sslich. Wir bieten unabh\u00e4ngige Einblicke, die Unternehmen und Privatpersonen helfen, Bankoptionen \u00fcber L\u00e4ndergrenzen hinweg besser zu verstehen. Globale Perspektive, fundierte Einblicke Wir stellen Informationen zu einer Vielzahl internationaler Bankthemen bereit [&hellip;]<\/p>\n","protected":false},"author":1,"featured_media":0,"parent":0,"menu_order":0,"comment_status":"closed","ping_status":"closed","template":"","meta":{"inline_featured_image":false,"footnotes":""},"class_list":["post-520","page","type-page","status-publish","hentry"],"translation":{"provider":"WPGlobus","version":"3.0.2","language":"de","enabled_languages":["en","de"],"languages":{"en":{"title":true,"content":true,"excerpt":false},"de":{"title":true,"content":true,"excerpt":false}}},"acf":[],"_links":{"self":[{"href":"https:\/\/swiss-banking.com\/de\/wp-json\/wp\/v2\/pages\/520","targetHints":{"allow":["GET"]}}],"collection":[{"href":"https:\/\/swiss-banking.com\/de\/wp-json\/wp\/v2\/pages"}],"about":[{"href":"https:\/\/swiss-banking.com\/de\/wp-json\/wp\/v2\/types\/page"}],"author":[{"embeddable":true,"href":"https:\/\/swiss-banking.com\/de\/wp-json\/wp\/v2\/users\/1"}],"replies":[{"embeddable":true,"href":"https:\/\/swiss-banking.com\/de\/wp-json\/wp\/v2\/comments?post=520"}],"version-history":[{"count":9,"href":"https:\/\/swiss-banking.com\/de\/wp-json\/wp\/v2\/pages\/520\/revisions"}],"predecessor-version":[{"id":1227,"href":"https:\/\/swiss-banking.com\/de\/wp-json\/wp\/v2\/pages\/520\/revisions\/1227"}],"wp:attachment":[{"href":"https:\/\/swiss-banking.com\/de\/wp-json\/wp\/v2\/media?parent=520"}],"curies":[{"name":"wp","href":"https:\/\/api.w.org\/{rel}","templated":true}]}}