{"id":541,"date":"2024-01-10T20:16:48","date_gmt":"2024-01-10T17:16:48","guid":{"rendered":"https:\/\/swiss-banking.com\/?page_id=541"},"modified":"2025-06-25T15:52:21","modified_gmt":"2025-06-25T12:52:21","slug":"banking-offshore","status":"publish","type":"page","link":"https:\/\/swiss-banking.com\/de\/banking-offshore\/","title":{"rendered":"Banking Offshore"},"content":{"rendered":"<p>{:de}<span style=\"font-weight: 400;\">Offshore-Banking bedeutet, ein Bankkonto in einem anderen Land als dem Wohnsitzland des Kontoinhabers zu er\u00f6ffnen und zu f\u00fchren, h\u00e4ufig in einem Niedrigsteuerland. Diese Praxis ist aufgrund m\u00f6glicher Steuervorteile, des Datenschutzes und der M\u00f6glichkeit, Verm\u00f6genswerte international zu diversifizieren, sehr beliebt. Sie wird h\u00e4ufig von Privatpersonen und Unternehmen genutzt, die finanzielle Effizienz und Schutz ihrer Verm\u00f6genswerte anstreben.<\/span><\/p>\n<p><span style=\"font-weight: 400;\">Offshore-Banking bietet mehrere wesentliche Vorteile:<\/span><\/p>\n<ol>\n<li><b>Steuerliche Effizienz<\/b><span style=\"font-weight: 400;\">: Oft niedrigere Steuers\u00e4tze im Vergleich zum Heimatland, was f\u00fcr das Verm\u00f6gensmanagement attraktiv sein kann.<\/span><\/li>\n<li><b>Verm\u00f6gensschutz<\/b><span style=\"font-weight: 400;\">: Hilft, Verm\u00f6genswerte vor rechtlichen Urteilen oder wirtschaftlicher Instabilit\u00e4t im Heimatland zu sch\u00fctzen. Sie k\u00f6nnen so beruhigter in die Zukunft blicken.<\/span><\/li>\n<li><b>W\u00e4hrungsdiversifikation<\/b><span style=\"font-weight: 400;\">: Bietet Konten in verschiedenen W\u00e4hrungen, reduziert W\u00e4hrungsrisiken und erweitert die globale Reichweite.<\/span><\/li>\n<li><b>Datenschutz<\/b><span style=\"font-weight: 400;\">: Gew\u00e4hrt im Allgemeinen mehr Vertraulichkeit f\u00fcr Kontoinhaber.<\/span><\/li>\n<li><b>Investitionsm\u00f6glichkeiten<\/b><span style=\"font-weight: 400;\">: Zugang zu internationalen M\u00e4rkten und Anlagem\u00f6glichkeiten, die im Heimatland nicht verf\u00fcgbar sind.<\/span><\/li>\n<li><b>Politische und wirtschaftliche Stabilit\u00e4t<\/b><span style=\"font-weight: 400;\">: Viele Offshore-Gerichtsbarkeiten bieten ein stabiles Bankenumfeld.<\/span><\/li>\n<\/ol>\n<h2>Arten von Offshore-Bankkonten<\/h2>\n<p><span style=\"font-weight: 400;\">Weltweit bieten Banken in der Regel eine breite Palette von Dienstleistungen an, einschlie\u00dflich der Kontoer\u00f6ffnung f\u00fcr unterschiedliche Bed\u00fcrfnisse. Offshore-Banken unterst\u00fctzen bei der Einrichtung von Privat-, Firmen- und Investmentkonten. Je nach Gerichtsbarkeit gelten unterschiedliche Dokumentationsanforderungen. Wir geben Ihnen jedoch einen \u00dcberblick dar\u00fcber, welche Unterlagen Banken bei der Kontoer\u00f6ffnung m\u00f6glicherweise verlangen.<\/span><\/p>\n<h2>Privates Bankkonto<\/h2>\n<p><span style=\"font-weight: 400;\">Private Bankkonten sind Konten, die Privatpersonen er\u00f6ffnen, um ihre Finanzen zu verwalten. Dazu geh\u00f6ren Girokonten, Sparkonten, Tagesgeldkonten und Festgeldkonten.<\/span><\/p>\n<p><span style=\"font-weight: 400;\">F\u00fcr die Er\u00f6ffnung eines privaten Bankkontos ben\u00f6tigen Sie in der Regel folgende Unterlagen:<\/span><\/p>\n<ol>\n<li><span style=\"font-weight: 400;\">Ein g\u00fcltiger amtlicher Lichtbildausweis, wie F\u00fchrerschein oder Reisepass.<\/span><\/li>\n<li><span style=\"font-weight: 400;\">Weitere grundlegende Informationen, wie Geburtsdatum, Sozialversicherungsnummer oder Steueridentifikationsnummer sowie Telefonnummer.<\/span><\/li>\n<li><span style=\"font-weight: 400;\">Nachweis des Wohnsitzes, z. B. durch eine aktuelle und g\u00fcltige Stromrechnung, einen Kontoauszug oder eine Kreditkartenabrechnung.<\/span><\/li>\n<li><span style=\"font-weight: 400;\">Eine Ersteinzahlung, obwohl einige Banken auch eine Kontoer\u00f6ffnung ohne Einzahlung erm\u00f6glichen.<\/span><\/li>\n<li><span style=\"font-weight: 400;\">Bei Er\u00f6ffnung eines Gemeinschaftskontos: Identifikationsdaten der weiteren Antragsteller.<\/span><\/li>\n<li><span style=\"font-weight: 400;\">Wenn Sie noch nicht vollj\u00e4hrig sind, muss ein Elternteil oder gesetzlicher Vertreter die rechtlichen Dokumente bei der Bank unterzeichnen.<\/span><\/li>\n<\/ol>\n<p><span style=\"font-weight: 400;\">Zus\u00e4tzliche Anforderungen k\u00f6nnen je nach Bank und Art des er\u00f6ffneten Kontos gelten. Bestimmte Spezialkonten erfordern beispielsweise weitere Informationen.<\/span><\/p>\n<h2>Firmenbankkonto<\/h2>\n<p><span style=\"font-weight: 400;\">Ein Firmenbankkonto ist ein Konto, das auf den Namen eines Unternehmens er\u00f6ffnet wird, um dessen finanzielle Mittel zu verwalten. Es dient der Abwicklung von Transaktionen, dem Erhalt von Einnahmen und der Aufbewahrung von Geldern. Firmenkonten erm\u00f6glichen es Unternehmen, ihre Finanzen von den privaten Finanzen zu trennen, was f\u00fcr den Haftungsschutz und eine bessere Finanzverwaltung wichtig ist. Dar\u00fcber hinaus bieten Firmenkonten Vorteile wie Glaubw\u00fcrdigkeit, effizientere Finanztransaktionen und eine leichtere Finanzverwaltung. Die Anforderungen an die Er\u00f6ffnung eines Firmenbankkontos variieren je nach Bank und Kontoart.<\/span><\/p>\n<p><span style=\"font-weight: 400;\">F\u00fcr die Er\u00f6ffnung eines Offshore-Firmenkontos sind in der Regel folgende Unterlagen erforderlich:<\/span><\/p>\n<ol>\n<li><b>Firmendokumente<\/b><span style=\"font-weight: 400;\">: Gr\u00fcndungsurkunde, Gesellschaftsvertrag und Satzung.<\/span><\/li>\n<li><b>Nachweis der Gesch\u00e4ftst\u00e4tigkeit<\/b><span style=\"font-weight: 400;\">: Businessplan, Firmenbrosch\u00fcren, Vertr\u00e4ge mit Kunden\/Lieferanten und Finanzberichte.<\/span><\/li>\n<li><b>Identifikationsdokumente<\/b><span style=\"font-weight: 400;\">: Reisep\u00e4sse oder nationale Ausweise der Gesch\u00e4ftsf\u00fchrer und Gesellschafter.<\/span><\/li>\n<li><b>Informationen zur Unternehmensstruktur<\/b><span style=\"font-weight: 400;\">: Angaben zur Struktur des Unternehmens, einschlie\u00dflich Informationen \u00fcber wirtschaftlich Berechtigte.<\/span><\/li>\n<li><b>Beschluss des Vorstands<\/b><span style=\"font-weight: 400;\">: Genehmigung der Kontoer\u00f6ffnung und Benennung der Kontobevollm\u00e4chtigten.<\/span><\/li>\n<li><b>Adressnachweis<\/b><span style=\"font-weight: 400;\">: Sowohl f\u00fcr das Unternehmen (z. B. eine Stromrechnung) als auch f\u00fcr die einzelnen Direktoren\/Gesellschafter.<\/span><\/li>\n<li><b>Compliance-Dokumente<\/b><span style=\"font-weight: 400;\">: Zur Einhaltung der Anti-Geldw\u00e4sche-Richtlinien, einschlie\u00dflich Herkunft der Gelder\/Verm\u00f6genswerte.<\/span><\/li>\n<\/ol>\n<h2>Multiw\u00e4hrungskonto<\/h2>\n<p><span style=\"font-weight: 400;\">Die Er\u00f6ffnung eines Offshore-Multiw\u00e4hrungskontos kann eine strategische finanzielle Entscheidung sein. Es bietet die Flexibilit\u00e4t, Gelder in verschiedenen W\u00e4hrungen zu halten und zu verwalten \u2013 ideal f\u00fcr internationale Gesch\u00e4ftsaktivit\u00e4ten oder pers\u00f6nliche Diversifikation. Dies sch\u00fctzt vor W\u00e4hrungsschwankungen und erleichtert den Zugang zu internationalen M\u00e4rkten. Der Prozess umfasst in der Regel die Auswahl einer seri\u00f6sen Offshore-Bank, das Einreichen der erforderlichen Unterlagen (wie Identit\u00e4tsnachweis, Adressnachweis und Finanzunterlagen) und die Durchf\u00fchrung der bankinternen Compliance-Pr\u00fcfungen. Es ist ein unkomplizierter Weg, Verm\u00f6genswerte zu sichern, m\u00f6gliche steuerliche Vorteile zu nutzen und Zugang zu einem breiteren Spektrum an Finanzdienstleistungen und Anlagem\u00f6glichkeiten zu erhalten.<\/span><\/p><\/p>\n","protected":false},"excerpt":{"rendered":"<p>{:de}Offshore-Banking bedeutet, ein Bankkonto in einem anderen Land als dem Wohnsitzland des Kontoinhabers zu er\u00f6ffnen und zu f\u00fchren, h\u00e4ufig in einem Niedrigsteuerland. Diese Praxis ist aufgrund m\u00f6glicher Steuervorteile, des Datenschutzes und der M\u00f6glichkeit, Verm\u00f6genswerte international zu diversifizieren, sehr beliebt. Sie wird h\u00e4ufig von Privatpersonen und Unternehmen genutzt, die finanzielle Effizienz und Schutz ihrer Verm\u00f6genswerte anstreben. [&hellip;]<\/p>\n","protected":false},"author":1,"featured_media":0,"parent":0,"menu_order":0,"comment_status":"closed","ping_status":"closed","template":"","meta":{"inline_featured_image":false,"footnotes":""},"class_list":["post-541","page","type-page","status-publish","hentry"],"translation":{"provider":"WPGlobus","version":"3.0.2","language":"de","enabled_languages":["en","de"],"languages":{"en":{"title":true,"content":true,"excerpt":false},"de":{"title":false,"content":true,"excerpt":false}}},"acf":[],"_links":{"self":[{"href":"https:\/\/swiss-banking.com\/de\/wp-json\/wp\/v2\/pages\/541","targetHints":{"allow":["GET"]}}],"collection":[{"href":"https:\/\/swiss-banking.com\/de\/wp-json\/wp\/v2\/pages"}],"about":[{"href":"https:\/\/swiss-banking.com\/de\/wp-json\/wp\/v2\/types\/page"}],"author":[{"embeddable":true,"href":"https:\/\/swiss-banking.com\/de\/wp-json\/wp\/v2\/users\/1"}],"replies":[{"embeddable":true,"href":"https:\/\/swiss-banking.com\/de\/wp-json\/wp\/v2\/comments?post=541"}],"version-history":[{"count":11,"href":"https:\/\/swiss-banking.com\/de\/wp-json\/wp\/v2\/pages\/541\/revisions"}],"predecessor-version":[{"id":1096,"href":"https:\/\/swiss-banking.com\/de\/wp-json\/wp\/v2\/pages\/541\/revisions\/1096"}],"wp:attachment":[{"href":"https:\/\/swiss-banking.com\/de\/wp-json\/wp\/v2\/media?parent=541"}],"curies":[{"name":"wp","href":"https:\/\/api.w.org\/{rel}","templated":true}]}}