{"id":549,"date":"2024-01-10T20:24:19","date_gmt":"2024-01-10T17:24:19","guid":{"rendered":"https:\/\/swiss-banking.com\/?page_id=549"},"modified":"2025-06-25T15:56:17","modified_gmt":"2025-06-25T12:56:17","slug":"asset-management","status":"publish","type":"page","link":"https:\/\/swiss-banking.com\/de\/asset-management\/","title":{"rendered":"Asset Management"},"content":{"rendered":"<p>{:de}<span style=\"font-weight: 400;\">Verm\u00f6gensverwaltung ist ein Service, bei dem Finanzexperten Ihnen helfen, die besten Investitionen auszuw\u00e4hlen, um Ihr Geld wachsen zu lassen. Sie ber\u00fccksichtigen Ihre finanziellen Ziele, wie etwa den Kauf eines Hauses oder die Altersvorsorge, und stellen die passende Mischung aus Aktien, Anleihen oder anderen Anlagen zusammen, um diese Ziele zu erreichen. Es geht darum, Ihr Geld effizient f\u00fcr Ihre Zukunftstr\u00e4ume arbeiten zu lassen.<\/span><\/p>\n<p><span style=\"font-weight: 400;\">Verm\u00f6gensverwaltung ist wie ein strategischer Finanzplan f\u00fcr Ihr Verm\u00f6gen. So funktioniert es:<\/span><\/p>\n<ol>\n<li><b>Ziele festlegen<\/b><span style=\"font-weight: 400;\">: Wie bei einer Reise beginnt alles mit Ihren finanziellen Zielen.<\/span><\/li>\n<li><b>Investitionen ausw\u00e4hlen<\/b><span style=\"font-weight: 400;\">: Anschlie\u00dfend geht es darum, die passenden Anlagen auszuw\u00e4hlen, z. B. Aktien oder Immobilien, um diese Ziele zu erreichen.<\/span><\/li>\n<li><b>Risiko und Ertrag ausbalancieren<\/b><span style=\"font-weight: 400;\">: Es ist ein Balanceakt \u2013 nicht zu risikoreich, aber ertragreich genug, um Ihr Verm\u00f6gen zu steigern.<\/span><\/li>\n<li><b>Regelm\u00e4\u00dfige \u00dcberpr\u00fcfung<\/b><span style=\"font-weight: 400;\">: Denken Sie daran wie an einen Gesundheits-Check f\u00fcr Ihre Finanzen, bei dem der Plan bei Bedarf angepasst wird.<\/span><\/li>\n<li><b>Expertenrat<\/b><span style=\"font-weight: 400;\">: Sie haben Finanzexperten an Ihrer Seite, die Sie bei jedem Schritt begleiten.<\/span><\/li>\n<\/ol>\n<p><span style=\"font-weight: 400;\">Zentrale Aspekte der Verm\u00f6gensverwaltung sind:<\/span><\/p>\n<ol>\n<li><b>Planung und Steuerung<\/b><span style=\"font-weight: 400;\">: Die Verm\u00f6gensverwaltung umfasst die Planung und Steuerung des Erwerbs, des Betriebs, der Wartung, der Erneuerung und der Ver\u00e4u\u00dferung von Verm\u00f6genswerten.<\/span><\/li>\n<li><b>Optimierung<\/b><span style=\"font-weight: 400;\">: Ziel der Verm\u00f6gensverwaltung ist es, Kosten, Risiken, Leistungen und Nachhaltigkeit zu optimieren.<\/span><\/li>\n<li><b>Investitionen<\/b><span style=\"font-weight: 400;\">: In der Finanzwelt konzentriert sich die Verm\u00f6gensverwaltung darauf, das Portfolio eines Investors \u2013 meist durch eine Finanzdienstleistungsfirma \u2013 so zu steuern, dass durch den Erwerb, die Pflege und den Handel von Wertanlagen langfristig Verm\u00f6gen aufgebaut wird.<\/span><\/li>\n<\/ol>\n<p><span style=\"font-weight: 400;\">Verm\u00f6gensverwaltung ist f\u00fcr Unternehmen entscheidend, weil:<\/span><\/p>\n<ol>\n<li><b>Wachstum durch kluge Investitionen<\/b><span style=\"font-weight: 400;\">: Sie hilft Unternehmen, durch kluge Investitionen zu wachsen.<\/span><\/li>\n<li><b>Risikokontrolle<\/b><span style=\"font-weight: 400;\">: Sie h\u00e4lt Risiken unter Kontrolle und sch\u00fctzt die finanzielle Gesundheit des Unternehmens.<\/span><\/li>\n<li><b>Zukunftsplanung<\/b><span style=\"font-weight: 400;\">: Sie bereitet Unternehmen auf zuk\u00fcnftige Chancen und Herausforderungen vor.<\/span><\/li>\n<li><b>Optimierung von Ressourcen<\/b><span style=\"font-weight: 400;\">: Sie sorgt f\u00fcr die bestm\u00f6gliche Nutzung der Unternehmensressourcen.<\/span><\/li>\n<li><b>Wettbewerbsvorteil<\/b><span style=\"font-weight: 400;\">: Sie verschafft Unternehmen durch strategische Finanzentscheidungen einen Wettbewerbsvorteil.<br \/><\/span><\/li>\n<\/ol>\n<p><span style=\"font-weight: 400;\">Kurz gesagt: Die Verm\u00f6gensverwaltung ist der Navigator auf der finanziellen Reise eines Unternehmens \u2013 auf Erfolg und Stabilit\u00e4t ausgerichtet.<\/span><\/p>\n<h2>Warum braucht man einen Verm\u00f6gensverwalter?<\/h2>\n<p><span style=\"font-weight: 400;\">Ein Verm\u00f6gensverwalter kann f\u00fcr private und institutionelle Anleger von entscheidender Bedeutung sein \u2013 hier sind die wichtigsten Gr\u00fcnde:<\/span><\/p>\n<ol>\n<li><b>Fachwissen<\/b><span style=\"font-weight: 400;\">: Er verf\u00fcgt \u00fcber das Know-how, um sich in den komplexen Finanzm\u00e4rkten zurechtzufinden und Trends zu erkennen.<\/span><\/li>\n<li><b>Zeitersparnis<\/b><span style=\"font-weight: 400;\">: So k\u00f6nnen Sie sich auf andere Priorit\u00e4ten konzentrieren, w\u00e4hrend der Verm\u00f6gensverwalter Ihre Investitionen steuert.<\/span><\/li>\n<li><b>Risikomanagement<\/b><span style=\"font-weight: 400;\">: Er ist spezialisiert darauf, Risiken bei unterschiedlichen Anlageformen zu bewerten und zu steuern. Zudem helfen Fondsmanager ihren Kunden dabei, die Investitionen sinnvoll zu diversifizieren.<\/span><\/li>\n<li><b>Individuelle Strategie<\/b><span style=\"font-weight: 400;\">: Entwickelt ma\u00dfgeschneiderte Anlagestrategien, die auf Ihre spezifischen Ziele abgestimmt sind. Sie erhalten fundierte Beratung basierend auf einer tiefgehenden Analyse Ihrer individuellen Situation \u2013 so erh\u00f6hen sich Ihre Erfolgschancen.<\/span><\/li>\n<li><b>Markteinblick<\/b><span style=\"font-weight: 400;\">: Liefert aktuelle Informationen zu Marktentwicklungen und Chancen.<\/span><\/li>\n<\/ol>\n<p><span style=\"font-weight: 400;\">Ein Verm\u00f6gensverwalter ist wie ein Finanz-Coach, der Sie effizient und gezielt auf Ihre finanziellen Ziele hinf\u00fchrt.<\/span><\/p>\n<h2>Verm\u00f6gensverwaltung in der Schweiz<\/h2>\n<p><span style=\"font-weight: 400;\">Die Verm\u00f6gensverwaltung in der Schweiz genie\u00dft weltweit hohes Ansehen f\u00fcr ihre Kompetenz und Stabilit\u00e4t. Zu den wichtigsten Vorteilen z\u00e4hlen:<\/span><\/p>\n<ol>\n<li><b>Fachwissen<\/b><span style=\"font-weight: 400;\">: Schweizer Verm\u00f6gensverwalter sind f\u00fcr ihre fundierte Expertise und Erfahrung bekannt.<\/span><\/li>\n<li><b>Stabilit\u00e4t<\/b><span style=\"font-weight: 400;\">: Die politische und wirtschaftliche Stabilit\u00e4t der Schweiz verleiht Investitionen zus\u00e4tzliche Sicherheit.<\/span><\/li>\n<li><b>Datenschutz<\/b><span style=\"font-weight: 400;\">: Starke Betonung auf Vertraulichkeit gegen\u00fcber den Kunden.<\/span><\/li>\n<li><b>Globale Reichweite<\/b><span style=\"font-weight: 400;\">: Zugang zu internationalen M\u00e4rkten und vielf\u00e4ltigen Anlagem\u00f6glichkeiten.<\/span><\/li>\n<li><b>Qualit\u00e4tsservice<\/b><span style=\"font-weight: 400;\">: Hoher Standard im Kundenservice und ma\u00dfgeschneiderte Anlagestrategien.<\/span><\/li>\n<\/ol>\n<p><span style=\"font-weight: 400;\">Diese Aspekte machen die Schweizer Verm\u00f6gensverwaltung besonders attraktiv f\u00fcr alle, die eine verl\u00e4ssliche Verwaltung ihrer Verm\u00f6genswerte suchen. Unsere Partner \u2013 darunter Zugerberg Finanz, Toledo Capital, ARP und Finanz Konzept \u2013 bieten Ihnen den bestm\u00f6glichen Service.<\/span><\/p>\n","protected":false},"excerpt":{"rendered":"<p>{:de}Verm\u00f6gensverwaltung ist ein Service, bei dem Finanzexperten Ihnen helfen, die besten Investitionen auszuw\u00e4hlen, um Ihr Geld wachsen zu lassen. Sie ber\u00fccksichtigen Ihre finanziellen Ziele, wie etwa den Kauf eines Hauses oder die Altersvorsorge, und stellen die passende Mischung aus Aktien, Anleihen oder anderen Anlagen zusammen, um diese Ziele zu erreichen. Es geht darum, Ihr Geld [&hellip;]<\/p>\n","protected":false},"author":1,"featured_media":0,"parent":0,"menu_order":0,"comment_status":"closed","ping_status":"closed","template":"","meta":{"inline_featured_image":false,"footnotes":""},"class_list":["post-549","page","type-page","status-publish","hentry"],"translation":{"provider":"WPGlobus","version":"3.0.2","language":"de","enabled_languages":["en","de"],"languages":{"en":{"title":true,"content":true,"excerpt":false},"de":{"title":false,"content":true,"excerpt":false}}},"acf":[],"_links":{"self":[{"href":"https:\/\/swiss-banking.com\/de\/wp-json\/wp\/v2\/pages\/549","targetHints":{"allow":["GET"]}}],"collection":[{"href":"https:\/\/swiss-banking.com\/de\/wp-json\/wp\/v2\/pages"}],"about":[{"href":"https:\/\/swiss-banking.com\/de\/wp-json\/wp\/v2\/types\/page"}],"author":[{"embeddable":true,"href":"https:\/\/swiss-banking.com\/de\/wp-json\/wp\/v2\/users\/1"}],"replies":[{"embeddable":true,"href":"https:\/\/swiss-banking.com\/de\/wp-json\/wp\/v2\/comments?post=549"}],"version-history":[{"count":7,"href":"https:\/\/swiss-banking.com\/de\/wp-json\/wp\/v2\/pages\/549\/revisions"}],"predecessor-version":[{"id":1075,"href":"https:\/\/swiss-banking.com\/de\/wp-json\/wp\/v2\/pages\/549\/revisions\/1075"}],"wp:attachment":[{"href":"https:\/\/swiss-banking.com\/de\/wp-json\/wp\/v2\/media?parent=549"}],"curies":[{"name":"wp","href":"https:\/\/api.w.org\/{rel}","templated":true}]}}