{"id":553,"date":"2024-01-10T20:25:45","date_gmt":"2024-01-10T17:25:45","guid":{"rendered":"https:\/\/swiss-banking.com\/?page_id=553"},"modified":"2025-06-09T13:27:14","modified_gmt":"2025-06-09T10:27:14","slug":"brokerage-account","status":"publish","type":"page","link":"https:\/\/swiss-banking.com\/de\/brokerage-account\/","title":{"rendered":"Brokerage Account"},"content":{"rendered":"<p>Ein Brokerage-Konto ist wie eine spezielle Geldb\u00f6rse f\u00fcr den Kauf und Verkauf von Anlagen wie Aktien, Anleihen und Investmentfonds. Dabei handelt es sich um ein Konto, das Sie bei einem Maklerunternehmen (einem Unternehmen, das sich mit dem Kauf und Verkauf von Wertpapieren besch\u00e4ftigt) er\u00f6ffnen. Betrachten Sie es als Tor zur Investmentwelt, wo Sie die Werkzeuge und M\u00f6glichkeiten erhalten, Ihr Geld in verschiedenen M\u00e4rkten zu vermehren. Es ist ein wichtiges Werkzeug f\u00fcr jeden, der in die Welt des Investierens einsteigen m\u00f6chte.<\/p>\n<p>Ein Brokerage-Bankkonto bietet mehrere wichtige Vorteile:<\/p>\n<ol>\n<li><strong>Investment Gateway:<\/strong> \u00d6ffnet die T\u00fcr zu einer Welt voller Investitionen wie Aktien und Anleihen.<\/li>\n<li><strong>Flexibilit\u00e4t:<\/strong> Erm\u00f6glicht Ihnen die Verwaltung Ihrer Investitionen und Ihres Bargelds an einem Ort.<\/li>\n<li><strong>Komfort:<\/strong> Einfache \u00dcberweisung von Geldern zwischen Anlage- und Bankkonten.<\/li>\n<li><strong>Potenzialwachstum:<\/strong> Bietet die Chance, Ihr Geld \u00fcber die typischen Bankersparnisse hinaus zu vermehren.<\/li>\n<li><strong>Kontrolle:<\/strong>\u00a0Sie erhalten mehr Kontrolle \u00fcber Ihr Finanzportfolio.<\/li>\n<\/ol>\n<p>Diese Art von Konto ist ein praktisches Tool f\u00fcr alle, die ihre Finanzen aktiv anlegen und verwalten m\u00f6chten.<\/p>\n<p>Bei der Suche nach der passenden Option f\u00fcr ein Brokerage-Konto ist es wichtig, die H\u00f6he der zu zahlenden Geb\u00fchren zu beachten. Niedrigere Geb\u00fchren bedeuten f\u00fcr Sie einen h\u00f6heren Gewinn, da die Kosten nicht so belastend sind. Die Broker mit den niedrigsten Geb\u00fchren sind:<\/p>\n<ol>\n<li><strong>Charles Schwab:<\/strong> Bietet 0 $ Provisionen f\u00fcr Aktien und ETFs, ohne dass eine Mindesteinzahlung erforderlich ist. Sie bieten au\u00dferdem kostenlose Echtzeit-Angebote, keine Wartungs-, Inaktivit\u00e4ts- oder versteckten Geb\u00fchren sowie kostenlose DRIP-Pl\u00e4ne.<\/li>\n<li><strong>Webull:<\/strong> Bekannt f\u00fcr seine Handelsgeb\u00fchren von 0 US-Dollar f\u00fcr Aktien und ETFs. F\u00fcr die Er\u00f6ffnung eines Brokerage-Kontos ist keine Einzahlung erforderlich und es fallen keine Kontof\u00fchrungs- und Inaktivit\u00e4tsgeb\u00fchren an.<\/li>\n<li><strong>eToro:<\/strong> Bietet Handelsgeb\u00fchren von 0,0 $ f\u00fcr US- und britische Aktien. Sie haben eine niedrige Mindesteinzahlung von 10 $, erheben jedoch eine Inaktivit\u00e4tsgeb\u00fchr.<\/li>\n<li><strong>Interactive Brokers:<\/strong> Erhebt eine Geb\u00fchr von 1,0 $ f\u00fcr US-Aktien und 3,8 $ f\u00fcr britische Aktien, ohne Mindesteinzahlung und ohne Inaktivit\u00e4tsgeb\u00fchr.<\/li>\n<li><strong>Robinhood:<\/strong> Beliebt f\u00fcr den kostenlosen US-Aktien- und ETF-Handel mit schneller und vollst\u00e4ndig digitaler Kontoer\u00f6ffnung.<\/li>\n<li><strong>TD Ameritrade:<\/strong> Bietet niedrige Handelsgeb\u00fchren (kostenloser Aktien- und ETF-Handel) mit einer hervorragenden Desktop-Handelsplattform und gro\u00dfartigem Kundensupport.<\/li>\n<li><strong>Alpaca Trading:<\/strong> Bietet kostenlosen Aktien- und ETF-Handel mit gro\u00dfartigem API-Handelsservice und fantastischen Charting-Tools.<\/li>\n<li><strong>SoFi Invest:<\/strong> Bekannt f\u00fcr kostenlosen Aktien- und ETF-Handel, schnelle und vollst\u00e4ndig digitale Kontoer\u00f6ffnung und schnellen Kundensupport.<\/li>\n<\/ol>\n<p>Firstrade, moomoo und schmackhafttrade bieten ebenfalls Handelsgeb\u00fchren von 0,0 $ f\u00fcr Aktien an.<\/p>\n<p>Es wurde festgestellt, dass diese Broker zu den niedrigsten Geb\u00fchren der Branche z\u00e4hlen und eine Reihe von Dienstleistungen und Funktionen bieten, die auf unterschiedliche Arten von Anlegern zugeschnitten sind. Bei der Auswahl eines Brokers ist es wichtig, nicht nur die Geb\u00fchren, sondern auch das Leistungsspektrum, die Benutzerfreundlichkeit der Plattform und den Kundensupport zu ber\u00fccksichtigen.<\/p>\n","protected":false},"excerpt":{"rendered":"<p>Ein Brokerage-Konto ist wie eine spezielle Geldb\u00f6rse f\u00fcr den Kauf und Verkauf von Anlagen wie Aktien, Anleihen und Investmentfonds. Dabei handelt es sich um ein Konto, das Sie bei einem Maklerunternehmen (einem Unternehmen, das sich mit dem Kauf und Verkauf von Wertpapieren besch\u00e4ftigt) er\u00f6ffnen. Betrachten Sie es als Tor zur Investmentwelt, wo Sie die Werkzeuge [&hellip;]<\/p>\n","protected":false},"author":1,"featured_media":0,"parent":0,"menu_order":0,"comment_status":"closed","ping_status":"closed","template":"","meta":{"inline_featured_image":false,"footnotes":""},"class_list":["post-553","page","type-page","status-publish","hentry"],"translation":{"provider":"WPGlobus","version":"3.0.2","language":"de","enabled_languages":["en","de"],"languages":{"en":{"title":true,"content":true,"excerpt":false},"de":{"title":false,"content":true,"excerpt":false}}},"acf":[],"_links":{"self":[{"href":"https:\/\/swiss-banking.com\/de\/wp-json\/wp\/v2\/pages\/553","targetHints":{"allow":["GET"]}}],"collection":[{"href":"https:\/\/swiss-banking.com\/de\/wp-json\/wp\/v2\/pages"}],"about":[{"href":"https:\/\/swiss-banking.com\/de\/wp-json\/wp\/v2\/types\/page"}],"author":[{"embeddable":true,"href":"https:\/\/swiss-banking.com\/de\/wp-json\/wp\/v2\/users\/1"}],"replies":[{"embeddable":true,"href":"https:\/\/swiss-banking.com\/de\/wp-json\/wp\/v2\/comments?post=553"}],"version-history":[{"count":9,"href":"https:\/\/swiss-banking.com\/de\/wp-json\/wp\/v2\/pages\/553\/revisions"}],"predecessor-version":[{"id":1045,"href":"https:\/\/swiss-banking.com\/de\/wp-json\/wp\/v2\/pages\/553\/revisions\/1045"}],"wp:attachment":[{"href":"https:\/\/swiss-banking.com\/de\/wp-json\/wp\/v2\/media?parent=553"}],"curies":[{"name":"wp","href":"https:\/\/api.w.org\/{rel}","templated":true}]}}