{"id":557,"date":"2024-01-10T20:26:44","date_gmt":"2024-01-10T17:26:44","guid":{"rendered":"https:\/\/swiss-banking.com\/?page_id=557"},"modified":"2025-06-25T15:59:49","modified_gmt":"2025-06-25T12:59:49","slug":"investment-account","status":"publish","type":"page","link":"https:\/\/swiss-banking.com\/de\/investment-account\/","title":{"rendered":"Investment Account"},"content":{"rendered":"<p>{:de}<span style=\"font-weight: 400;\">Ein Investmentbankkonto ist eine spezialisierte Kontoart, die sich haupts\u00e4chlich auf Investitionen konzentriert \u2013 im Gegensatz zu klassischen Bankdienstleistungen wie Giro- oder Sparkonten. Hier sind die Besonderheiten:<\/span><\/p>\n<ol>\n<li><b>Zugang zu einer breiten Palette von Investitionen<\/b><span style=\"font-weight: 400;\">: Investmentbankkonten bieten in der Regel Zugang zu einer Vielzahl von Anlageprodukten wie Aktien, Anleihen, Investmentfonds und auch exotischeren Finanzinstrumenten wie Derivaten.<\/span><\/li>\n<li><b>Professionelles Management und Beratung<\/b><span style=\"font-weight: 400;\">: Viele Investmentbanken bieten fachkundige Finanzberatung und Portfoliomanagement an, um Ihnen fundierte Anlageentscheidungen zu erm\u00f6glichen.<\/span><\/li>\n<li><b>H\u00f6here Renditechancen<\/b><span style=\"font-weight: 400;\">: Im Gegensatz zu traditionellen Bankkonten mit niedrigen Zinss\u00e4tzen bieten Investmentbankkonten durch verschiedene Anlagem\u00f6glichkeiten potenziell h\u00f6here Renditen.<\/span><\/li>\n<li><b>Risikomanagement<\/b><span style=\"font-weight: 400;\">: Investmentbanken verf\u00fcgen oft \u00fcber ausgekl\u00fcgelte Tools und Strategien zum Management der mit verschiedenen Anlagen verbundenen Risiken.<\/span><\/li>\n<li><b>Geeignet f\u00fcr unterschiedliche Finanzziele<\/b><span style=\"font-weight: 400;\">: Ob Altersvorsorge, das Sparen auf gr\u00f6\u00dfere Anschaffungen oder der gezielte Verm\u00f6gensaufbau \u2013 diese Konten lassen sich auf vielf\u00e4ltige finanzielle Ziele zuschneiden.<\/span><\/li>\n<li><b>Kosten und Geb\u00fchren<\/b><span style=\"font-weight: 400;\">: Beachten Sie, dass diese Konten mit verschiedenen Geb\u00fchren verbunden sein k\u00f6nnen, etwa Verwaltungsgeb\u00fchren oder Transaktionsgeb\u00fchren, je nach den in Anspruch genommenen Leistungen.<\/span><\/li>\n<\/ol>\n<p><span style=\"font-weight: 400;\">Investmentbankkonten sind ideal f\u00fcr Personen, die ihr Verm\u00f6gen aktiv ausbauen m\u00f6chten und bereit sind, sich intensiver mit dem Thema Finanzen auseinanderzusetzen als bei herk\u00f6mmlichen Bankkonten.<\/span><\/p>\n","protected":false},"excerpt":{"rendered":"<p>{:de}Ein Investmentbankkonto ist eine spezialisierte Kontoart, die sich haupts\u00e4chlich auf Investitionen konzentriert \u2013 im Gegensatz zu klassischen Bankdienstleistungen wie Giro- oder Sparkonten. Hier sind die Besonderheiten: Zugang zu einer breiten Palette von Investitionen: Investmentbankkonten bieten in der Regel Zugang zu einer Vielzahl von Anlageprodukten wie Aktien, Anleihen, Investmentfonds und auch exotischeren Finanzinstrumenten wie Derivaten. Professionelles [&hellip;]<\/p>\n","protected":false},"author":1,"featured_media":0,"parent":0,"menu_order":0,"comment_status":"closed","ping_status":"closed","template":"","meta":{"inline_featured_image":false,"footnotes":""},"class_list":["post-557","page","type-page","status-publish","hentry"],"translation":{"provider":"WPGlobus","version":"3.0.2","language":"de","enabled_languages":["en","de"],"languages":{"en":{"title":true,"content":true,"excerpt":false},"de":{"title":false,"content":true,"excerpt":false}}},"acf":[],"_links":{"self":[{"href":"https:\/\/swiss-banking.com\/de\/wp-json\/wp\/v2\/pages\/557","targetHints":{"allow":["GET"]}}],"collection":[{"href":"https:\/\/swiss-banking.com\/de\/wp-json\/wp\/v2\/pages"}],"about":[{"href":"https:\/\/swiss-banking.com\/de\/wp-json\/wp\/v2\/types\/page"}],"author":[{"embeddable":true,"href":"https:\/\/swiss-banking.com\/de\/wp-json\/wp\/v2\/users\/1"}],"replies":[{"embeddable":true,"href":"https:\/\/swiss-banking.com\/de\/wp-json\/wp\/v2\/comments?post=557"}],"version-history":[{"count":6,"href":"https:\/\/swiss-banking.com\/de\/wp-json\/wp\/v2\/pages\/557\/revisions"}],"predecessor-version":[{"id":1081,"href":"https:\/\/swiss-banking.com\/de\/wp-json\/wp\/v2\/pages\/557\/revisions\/1081"}],"wp:attachment":[{"href":"https:\/\/swiss-banking.com\/de\/wp-json\/wp\/v2\/media?parent=557"}],"curies":[{"name":"wp","href":"https:\/\/api.w.org\/{rel}","templated":true}]}}