{"id":566,"date":"2024-01-10T20:33:48","date_gmt":"2024-01-10T17:33:48","guid":{"rendered":"https:\/\/swiss-banking.com\/?page_id=566"},"modified":"2025-06-25T15:57:03","modified_gmt":"2025-06-25T12:57:03","slug":"banking-services-for-entrepreneurs","status":"publish","type":"page","link":"https:\/\/swiss-banking.com\/de\/banking-services-for-entrepreneurs\/","title":{"rendered":"Banking Services for Entrepreneurs"},"content":{"rendered":"<p>{:de}<span style=\"font-weight: 400;\">Bankgesch\u00e4fte im Ausland sind f\u00fcr Unternehmer aus mehreren Gr\u00fcnden wichtig:<\/span><\/p>\n<ol>\n<li><b>Zugang zu globalen M\u00e4rkten<\/b><span style=\"font-weight: 400;\">: Sie erm\u00f6glichen es Unternehmern, Transaktionen auf internationalen M\u00e4rkten problemlos durchzuf\u00fchren.<\/span><\/li>\n<li><b>W\u00e4hrungsdiversifikation<\/b><span style=\"font-weight: 400;\">: Unternehmer k\u00f6nnen verschiedene W\u00e4hrungen verwalten und so Wechselkursrisiken reduzieren.<\/span><\/li>\n<li><b>Finanzielle Flexibilit\u00e4t<\/b><span style=\"font-weight: 400;\">: Ausl\u00e4ndische Banken bieten h\u00e4ufig flexible Finanzl\u00f6sungen, die auf die dynamischen Bed\u00fcrfnisse von Unternehmen zugeschnitten sind.<\/span><\/li>\n<li><b>Steuerliche Effizienz<\/b><span style=\"font-weight: 400;\">: Einige Offshore-Banken bieten steuerliche Vorteile, die finanziell vorteilhaft sein k\u00f6nnen.<\/span><\/li>\n<li><b>Verm\u00f6gensschutz<\/b><span style=\"font-weight: 400;\">: Bankgesch\u00e4fte im Ausland k\u00f6nnen einen Schutz vor wirtschaftlichen Schwankungen und rechtlichen Unsicherheiten im Heimatland bieten.<\/span><\/li>\n<\/ol>\n<p><span style=\"font-weight: 400;\">Insgesamt unterst\u00fctzt dies das globale Wachstum von Unternehmen und bietet finanzielle Strategien, die f\u00fcr den unternehmerischen Erfolg entscheidend sein k\u00f6nnen.<\/span><\/p>\n","protected":false},"excerpt":{"rendered":"<p>{:de}Bankgesch\u00e4fte im Ausland sind f\u00fcr Unternehmer aus mehreren Gr\u00fcnden wichtig: Zugang zu globalen M\u00e4rkten: Sie erm\u00f6glichen es Unternehmern, Transaktionen auf internationalen M\u00e4rkten problemlos durchzuf\u00fchren. W\u00e4hrungsdiversifikation: Unternehmer k\u00f6nnen verschiedene W\u00e4hrungen verwalten und so Wechselkursrisiken reduzieren. Finanzielle Flexibilit\u00e4t: Ausl\u00e4ndische Banken bieten h\u00e4ufig flexible Finanzl\u00f6sungen, die auf die dynamischen Bed\u00fcrfnisse von Unternehmen zugeschnitten sind. Steuerliche Effizienz: Einige Offshore-Banken [&hellip;]<\/p>\n","protected":false},"author":1,"featured_media":0,"parent":0,"menu_order":0,"comment_status":"closed","ping_status":"closed","template":"","meta":{"inline_featured_image":false,"footnotes":""},"class_list":["post-566","page","type-page","status-publish","hentry"],"translation":{"provider":"WPGlobus","version":"3.0.2","language":"de","enabled_languages":["en","de"],"languages":{"en":{"title":true,"content":true,"excerpt":false},"de":{"title":false,"content":true,"excerpt":false}}},"acf":[],"_links":{"self":[{"href":"https:\/\/swiss-banking.com\/de\/wp-json\/wp\/v2\/pages\/566","targetHints":{"allow":["GET"]}}],"collection":[{"href":"https:\/\/swiss-banking.com\/de\/wp-json\/wp\/v2\/pages"}],"about":[{"href":"https:\/\/swiss-banking.com\/de\/wp-json\/wp\/v2\/types\/page"}],"author":[{"embeddable":true,"href":"https:\/\/swiss-banking.com\/de\/wp-json\/wp\/v2\/users\/1"}],"replies":[{"embeddable":true,"href":"https:\/\/swiss-banking.com\/de\/wp-json\/wp\/v2\/comments?post=566"}],"version-history":[{"count":9,"href":"https:\/\/swiss-banking.com\/de\/wp-json\/wp\/v2\/pages\/566\/revisions"}],"predecessor-version":[{"id":1078,"href":"https:\/\/swiss-banking.com\/de\/wp-json\/wp\/v2\/pages\/566\/revisions\/1078"}],"wp:attachment":[{"href":"https:\/\/swiss-banking.com\/de\/wp-json\/wp\/v2\/media?parent=566"}],"curies":[{"name":"wp","href":"https:\/\/api.w.org\/{rel}","templated":true}]}}