{"id":572,"date":"2024-01-10T20:36:17","date_gmt":"2024-01-10T17:36:17","guid":{"rendered":"https:\/\/swiss-banking.com\/?page_id=572"},"modified":"2025-06-25T15:58:25","modified_gmt":"2025-06-25T12:58:25","slug":"fintechs","status":"publish","type":"page","link":"https:\/\/swiss-banking.com\/de\/fintechs\/","title":{"rendered":"Fintechs"},"content":{"rendered":"<p>{:de}Fintechs, kurz f\u00fcr Finanztechnologien, sind innovative technologische L\u00f6sungen, die Finanzdienstleistungen optimieren und verbessern. Sie machen Bankgesch\u00e4fte und Investitionen schneller, einfacher und zug\u00e4nglicher. Fintechs reichen von mobilen Banking-Apps, mit denen man unterwegs sein Geld verwalten kann, bis hin zu komplexen Algorithmen f\u00fcr den Aktienhandel. Sie ver\u00e4ndern den Umgang mit Geld und machen Prozesse wie Geld\u00fcberweisungen, Kreditaufnahmen und Verm\u00f6gensverwaltung effizienter und benutzerfreundlicher. F\u00fcr Verbraucher und Unternehmen bieten Fintechs eine moderne, praktische und oft kosteng\u00fcnstigere M\u00f6glichkeit, finanzielle Aktivit\u00e4ten zu managen.<\/p>\n<p>Die wichtigsten Vorteile von Fintechs sind:<\/p>\n<ol>\n<li><b>Komfort<\/b><span style=\"font-weight: 400;\">: Finanztransaktionen jederzeit und \u00fcberall mit digitalen Tools verwalten.<\/span><\/li>\n<li><b>Effizienz<\/b><span style=\"font-weight: 400;\">: Optimierte Prozesse f\u00fcr ein schnelleres und effektiveres Finanzmanagement. Die langwierige B\u00fcrokratie traditioneller Banken kann durch den Einsatz von Fintechs vermieden werden.<\/span><\/li>\n<li><b>Zugang<\/b><span style=\"font-weight: 400;\">: Einfacherer Zugang zu Finanzdienstleistungen f\u00fcr ein breiteres Publikum. Da die regulatorischen Anforderungen oft weniger streng sind, k\u00f6nnen mehr Personengruppen erfolgreich ein Bankkonto er\u00f6ffnen.<\/span><\/li>\n<li><b>Innovation<\/b><span style=\"font-weight: 400;\">: Fortschrittliche Funktionen wie personalisierte Finanzberatung mit Hilfe von KI.<\/span><\/li>\n<li><b>Kosteneinsparungen<\/b><span style=\"font-weight: 400;\">: Oft geringere Geb\u00fchren im Vergleich zu traditionellen Finanzdienstleistern.<\/span><\/li>\n<li><b>Sicherheit<\/b><span style=\"font-weight: 400;\">: Verbesserte digitale Sicherheitsma\u00dfnahmen zum Schutz finanzieller Daten.<\/span><\/li>\n<\/ol>\n<p><span style=\"font-weight: 400;\">Fintechs bieten einen modernen und benutzerfreundlichen Ansatz f\u00fcr den Umgang mit Finanzangelegenheiten und sind daher in der heutigen digitalen Welt sehr gefragt.<\/span><\/p>\n<p>Revolut und Wise sind zwei bekannte Fintech-Unternehmen, die jeweils besondere Vorteile bieten:<\/p>\n<p><b>Revolut<\/b><span style=\"font-weight: 400;\">:<\/span><\/p>\n<ul>\n<li><b>Multiw\u00e4hrungskonten<\/b>: Erm\u00f6glicht es Nutzern, mehrere W\u00e4hrungen einfach zu halten und zu tauschen.<\/li>\n<li><b>Vorteile f\u00fcr Reisende<\/b>: Bietet g\u00fcnstige Wechselkurse \u2013 ideal f\u00fcr Reisende.<\/li>\n<li><b>Budgetierungstools<\/b>: Stellt Funktionen zur Verf\u00fcgung, um pers\u00f6nliche Finanzen zu verwalten und Ausgaben nachzuverfolgen.<\/li>\n<\/ul>\n<p><b>Wise:<\/b><\/p>\n<ul>\n<li><b>Kosteng\u00fcnstige internationale \u00dcberweisungen<\/b>: Bekannt f\u00fcr transparente und niedrige Geb\u00fchren bei internationalen Geldtransfers.<\/li>\n<li><b>Echte Wechselkurse<\/b>: Verwendet den realen Mittelmarktkurs ohne versteckte Aufschl\u00e4ge.<\/li>\n<li><b>Multiw\u00e4hrungskonten<\/b>: Erm\u00f6glicht das Halten und Verwalten von Geld in verschiedenen W\u00e4hrungen.<\/li>\n<\/ul>\n<p>Beide Fintechs sind beliebt wegen ihrer benutzerfreundlichen Plattformen und kostensparenden Funktionen, besonders f\u00fcr Nutzer, die mit mehreren W\u00e4hrungen arbeiten oder internationale Finanztransaktionen ben\u00f6tigen.<\/p>\n","protected":false},"excerpt":{"rendered":"<p>{:de}Fintechs, kurz f\u00fcr Finanztechnologien, sind innovative technologische L\u00f6sungen, die Finanzdienstleistungen optimieren und verbessern. Sie machen Bankgesch\u00e4fte und Investitionen schneller, einfacher und zug\u00e4nglicher. Fintechs reichen von mobilen Banking-Apps, mit denen man unterwegs sein Geld verwalten kann, bis hin zu komplexen Algorithmen f\u00fcr den Aktienhandel. Sie ver\u00e4ndern den Umgang mit Geld und machen Prozesse wie Geld\u00fcberweisungen, Kreditaufnahmen [&hellip;]<\/p>\n","protected":false},"author":1,"featured_media":0,"parent":0,"menu_order":0,"comment_status":"closed","ping_status":"closed","template":"","meta":{"inline_featured_image":false,"footnotes":""},"class_list":["post-572","page","type-page","status-publish","hentry"],"translation":{"provider":"WPGlobus","version":"3.0.2","language":"de","enabled_languages":["en","de"],"languages":{"en":{"title":true,"content":true,"excerpt":false},"de":{"title":false,"content":true,"excerpt":false}}},"acf":[],"_links":{"self":[{"href":"https:\/\/swiss-banking.com\/de\/wp-json\/wp\/v2\/pages\/572","targetHints":{"allow":["GET"]}}],"collection":[{"href":"https:\/\/swiss-banking.com\/de\/wp-json\/wp\/v2\/pages"}],"about":[{"href":"https:\/\/swiss-banking.com\/de\/wp-json\/wp\/v2\/types\/page"}],"author":[{"embeddable":true,"href":"https:\/\/swiss-banking.com\/de\/wp-json\/wp\/v2\/users\/1"}],"replies":[{"embeddable":true,"href":"https:\/\/swiss-banking.com\/de\/wp-json\/wp\/v2\/comments?post=572"}],"version-history":[{"count":6,"href":"https:\/\/swiss-banking.com\/de\/wp-json\/wp\/v2\/pages\/572\/revisions"}],"predecessor-version":[{"id":1079,"href":"https:\/\/swiss-banking.com\/de\/wp-json\/wp\/v2\/pages\/572\/revisions\/1079"}],"wp:attachment":[{"href":"https:\/\/swiss-banking.com\/de\/wp-json\/wp\/v2\/media?parent=572"}],"curies":[{"name":"wp","href":"https:\/\/api.w.org\/{rel}","templated":true}]}}